{"id":1090,"date":"2025-07-28T20:59:22","date_gmt":"2025-07-28T17:59:22","guid":{"rendered":"https:\/\/ciioder.org.tr\/?page_id=1090"},"modified":"2025-07-28T21:13:15","modified_gmt":"2025-07-28T18:13:15","slug":"bildiri","status":"publish","type":"page","link":"https:\/\/ciioder.org.tr\/?page_id=1090","title":{"rendered":"\u00c7ocuklar \u0130\u00e7in Adalet"},"content":{"rendered":"\t\t<div data-elementor-type=\"wp-page\" data-elementor-id=\"1090\" class=\"elementor elementor-1090\">\n\t\t\t\t<div class=\"elementor-element elementor-element-dd55d54 e-grid e-con-boxed e-con e-parent\" data-id=\"dd55d54\" data-element_type=\"container\">\n\t\t\t\t\t<div class=\"e-con-inner\">\n\t\t\t\t<div class=\"elementor-element elementor-element-7fb8b28 elementor-widget elementor-widget-image\" data-id=\"7fb8b28\" data-element_type=\"widget\" data-widget_type=\"image.default\">\n\t\t\t\t<div class=\"elementor-widget-container\">\n\t\t\t\t\t\t\t\t\t\t\t\t\t<img fetchpriority=\"high\" decoding=\"async\" width=\"1024\" height=\"1024\" src=\"https:\/\/ciioder.org.tr\/wp-content\/uploads\/2025\/07\/bildiri1-1024x1024.jpeg\" class=\"attachment-large size-large wp-image-1079\" alt=\"\" srcset=\"https:\/\/ciioder.org.tr\/wp-content\/uploads\/2025\/07\/bildiri1-1024x1024.jpeg 1024w, https:\/\/ciioder.org.tr\/wp-content\/uploads\/2025\/07\/bildiri1-300x300.jpeg 300w, https:\/\/ciioder.org.tr\/wp-content\/uploads\/2025\/07\/bildiri1-150x150.jpeg 150w, https:\/\/ciioder.org.tr\/wp-content\/uploads\/2025\/07\/bildiri1-768x768.jpeg 768w, https:\/\/ciioder.org.tr\/wp-content\/uploads\/2025\/07\/bildiri1.jpeg 1080w\" sizes=\"(max-width: 1024px) 100vw, 1024px\" \/>\t\t\t\t\t\t\t\t\t\t\t\t\t<\/div>\n\t\t\t\t<\/div>\n\t\t\t\t<div class=\"elementor-element elementor-element-f646cb4 elementor-widget elementor-widget-image\" data-id=\"f646cb4\" data-element_type=\"widget\" data-widget_type=\"image.default\">\n\t\t\t\t<div class=\"elementor-widget-container\">\n\t\t\t\t\t\t\t\t\t\t\t\t\t<img decoding=\"async\" width=\"1024\" height=\"1024\" src=\"https:\/\/ciioder.org.tr\/wp-content\/uploads\/2025\/07\/bildiri2-1024x1024.jpeg\" class=\"attachment-large size-large wp-image-1080\" alt=\"\" srcset=\"https:\/\/ciioder.org.tr\/wp-content\/uploads\/2025\/07\/bildiri2-1024x1024.jpeg 1024w, https:\/\/ciioder.org.tr\/wp-content\/uploads\/2025\/07\/bildiri2-300x300.jpeg 300w, https:\/\/ciioder.org.tr\/wp-content\/uploads\/2025\/07\/bildiri2-150x150.jpeg 150w, https:\/\/ciioder.org.tr\/wp-content\/uploads\/2025\/07\/bildiri2-768x768.jpeg 768w, https:\/\/ciioder.org.tr\/wp-content\/uploads\/2025\/07\/bildiri2.jpeg 1080w\" sizes=\"(max-width: 1024px) 100vw, 1024px\" \/>\t\t\t\t\t\t\t\t\t\t\t\t\t<\/div>\n\t\t\t\t<\/div>\n\t\t\t\t<div class=\"elementor-element elementor-element-b944d4b elementor-widget elementor-widget-image\" data-id=\"b944d4b\" data-element_type=\"widget\" data-widget_type=\"image.default\">\n\t\t\t\t<div class=\"elementor-widget-container\">\n\t\t\t\t\t\t\t\t\t\t\t\t\t<img decoding=\"async\" width=\"1024\" height=\"1024\" src=\"https:\/\/ciioder.org.tr\/wp-content\/uploads\/2025\/07\/bildiri3-1024x1024.jpeg\" class=\"attachment-large size-large wp-image-1081\" alt=\"\" srcset=\"https:\/\/ciioder.org.tr\/wp-content\/uploads\/2025\/07\/bildiri3-1024x1024.jpeg 1024w, https:\/\/ciioder.org.tr\/wp-content\/uploads\/2025\/07\/bildiri3-300x300.jpeg 300w, https:\/\/ciioder.org.tr\/wp-content\/uploads\/2025\/07\/bildiri3-150x150.jpeg 150w, https:\/\/ciioder.org.tr\/wp-content\/uploads\/2025\/07\/bildiri3-768x768.jpeg 768w, https:\/\/ciioder.org.tr\/wp-content\/uploads\/2025\/07\/bildiri3.jpeg 1080w\" sizes=\"(max-width: 1024px) 100vw, 1024px\" \/>\t\t\t\t\t\t\t\t\t\t\t\t\t<\/div>\n\t\t\t\t<\/div>\n\t\t\t\t<div class=\"elementor-element elementor-element-184bb0a elementor-widget elementor-widget-image\" data-id=\"184bb0a\" data-element_type=\"widget\" data-widget_type=\"image.default\">\n\t\t\t\t<div class=\"elementor-widget-container\">\n\t\t\t\t\t\t\t\t\t\t\t\t\t<img loading=\"lazy\" decoding=\"async\" width=\"1024\" height=\"1024\" src=\"https:\/\/ciioder.org.tr\/wp-content\/uploads\/2025\/07\/bildiri4-1024x1024.jpeg\" class=\"attachment-large size-large wp-image-1082\" alt=\"\" srcset=\"https:\/\/ciioder.org.tr\/wp-content\/uploads\/2025\/07\/bildiri4-1024x1024.jpeg 1024w, https:\/\/ciioder.org.tr\/wp-content\/uploads\/2025\/07\/bildiri4-300x300.jpeg 300w, https:\/\/ciioder.org.tr\/wp-content\/uploads\/2025\/07\/bildiri4-150x150.jpeg 150w, https:\/\/ciioder.org.tr\/wp-content\/uploads\/2025\/07\/bildiri4-768x768.jpeg 768w, https:\/\/ciioder.org.tr\/wp-content\/uploads\/2025\/07\/bildiri4.jpeg 1080w\" sizes=\"(max-width: 1024px) 100vw, 1024px\" \/>\t\t\t\t\t\t\t\t\t\t\t\t\t<\/div>\n\t\t\t\t<\/div>\n\t\t\t\t<div class=\"elementor-element elementor-element-34a919d elementor-widget elementor-widget-image\" data-id=\"34a919d\" data-element_type=\"widget\" data-widget_type=\"image.default\">\n\t\t\t\t<div class=\"elementor-widget-container\">\n\t\t\t\t\t\t\t\t\t\t\t\t\t<img loading=\"lazy\" decoding=\"async\" width=\"1024\" height=\"1024\" src=\"https:\/\/ciioder.org.tr\/wp-content\/uploads\/2025\/07\/bildiri5-1024x1024.jpeg\" class=\"attachment-large size-large wp-image-1083\" alt=\"\" srcset=\"https:\/\/ciioder.org.tr\/wp-content\/uploads\/2025\/07\/bildiri5-1024x1024.jpeg 1024w, https:\/\/ciioder.org.tr\/wp-content\/uploads\/2025\/07\/bildiri5-300x300.jpeg 300w, https:\/\/ciioder.org.tr\/wp-content\/uploads\/2025\/07\/bildiri5-150x150.jpeg 150w, https:\/\/ciioder.org.tr\/wp-content\/uploads\/2025\/07\/bildiri5-768x768.jpeg 768w, https:\/\/ciioder.org.tr\/wp-content\/uploads\/2025\/07\/bildiri5.jpeg 1080w\" sizes=\"(max-width: 1024px) 100vw, 1024px\" \/>\t\t\t\t\t\t\t\t\t\t\t\t\t<\/div>\n\t\t\t\t<\/div>\n\t\t\t\t<div class=\"elementor-element elementor-element-dc1bfca elementor-widget elementor-widget-image\" data-id=\"dc1bfca\" data-element_type=\"widget\" data-widget_type=\"image.default\">\n\t\t\t\t<div class=\"elementor-widget-container\">\n\t\t\t\t\t\t\t\t\t\t\t\t\t<img loading=\"lazy\" decoding=\"async\" width=\"1024\" height=\"1024\" src=\"https:\/\/ciioder.org.tr\/wp-content\/uploads\/2025\/07\/bildiri6-1024x1024.jpeg\" class=\"attachment-large size-large wp-image-1084\" alt=\"\" srcset=\"https:\/\/ciioder.org.tr\/wp-content\/uploads\/2025\/07\/bildiri6-1024x1024.jpeg 1024w, https:\/\/ciioder.org.tr\/wp-content\/uploads\/2025\/07\/bildiri6-300x300.jpeg 300w, https:\/\/ciioder.org.tr\/wp-content\/uploads\/2025\/07\/bildiri6-150x150.jpeg 150w, https:\/\/ciioder.org.tr\/wp-content\/uploads\/2025\/07\/bildiri6-768x768.jpeg 768w, https:\/\/ciioder.org.tr\/wp-content\/uploads\/2025\/07\/bildiri6.jpeg 1080w\" sizes=\"(max-width: 1024px) 100vw, 1024px\" \/>\t\t\t\t\t\t\t\t\t\t\t\t\t<\/div>\n\t\t\t\t<\/div>\n\t\t\t\t\t<\/div>\n\t\t\t\t<\/div>\n\t\t\t\t<\/div>\n\t\t","protected":false},"excerpt":{"rendered":"","protected":false},"author":1,"featured_media":0,"parent":0,"menu_order":0,"comment_status":"closed","ping_status":"closed","template":"","meta":{"site-sidebar-layout":"no-sidebar","site-content-layout":"","ast-site-content-layout":"full-width-container","site-content-style":"default","site-sidebar-style":"default","ast-global-header-display":"","ast-banner-title-visibility":"","ast-main-header-display":"","ast-hfb-above-header-display":"","ast-hfb-below-header-display":"","ast-hfb-mobile-header-display":"","site-post-title":"disabled","ast-breadcrumbs-content":"","ast-featured-img":"disabled","footer-sml-layout":"","theme-transparent-header-meta":"default","adv-header-id-meta":"","stick-header-meta":"","header-above-stick-meta":"","header-main-stick-meta":"","header-below-stick-meta":"","astra-migrate-meta-layouts":"set","ast-page-background-enabled":"default","ast-page-background-meta":{"desktop":{"background-color":"var(--ast-global-color-4)","background-image":"","background-repeat":"repeat","background-position":"center center","background-size":"auto","background-attachment":"scroll","background-type":"","background-media":"","overlay-type":"","overlay-color":"","overlay-opacity":"","overlay-gradient":""},"tablet":{"background-color":"","background-image":"","background-repeat":"repeat","background-position":"center center","background-size":"auto","background-attachment":"scroll","background-type":"","background-media":"","overlay-type":"","overlay-color":"","overlay-opacity":"","overlay-gradient":""},"mobile":{"background-color":"","background-image":"","background-repeat":"repeat","background-position":"center center","background-size":"auto","background-attachment":"scroll","background-type":"","background-media":"","overlay-type":"","overlay-color":"","overlay-opacity":"","overlay-gradient":""}},"ast-content-background-meta":{"desktop":{"background-color":"var(--ast-global-color-5)","background-image":"","background-repeat":"repeat","background-position":"center center","background-size":"auto","background-attachment":"scroll","background-type":"","background-media":"","overlay-type":"","overlay-color":"","overlay-opacity":"","overlay-gradient":""},"tablet":{"background-color":"var(--ast-global-color-5)","background-image":"","background-repeat":"repeat","background-position":"center center","background-size":"auto","background-attachment":"scroll","background-type":"","background-media":"","overlay-type":"","overlay-color":"","overlay-opacity":"","overlay-gradient":""},"mobile":{"background-color":"var(--ast-global-color-5)","background-image":"","background-repeat":"repeat","background-position":"center center","background-size":"auto","background-attachment":"scroll","background-type":"","background-media":"","overlay-type":"","overlay-color":"","overlay-opacity":"","overlay-gradient":""}},"footnotes":""},"class_list":["post-1090","page","type-page","status-publish","hentry"],"_links":{"self":[{"href":"https:\/\/ciioder.org.tr\/index.php?rest_route=\/wp\/v2\/pages\/1090","targetHints":{"allow":["GET"]}}],"collection":[{"href":"https:\/\/ciioder.org.tr\/index.php?rest_route=\/wp\/v2\/pages"}],"about":[{"href":"https:\/\/ciioder.org.tr\/index.php?rest_route=\/wp\/v2\/types\/page"}],"author":[{"embeddable":true,"href":"https:\/\/ciioder.org.tr\/index.php?rest_route=\/wp\/v2\/users\/1"}],"replies":[{"embeddable":true,"href":"https:\/\/ciioder.org.tr\/index.php?rest_route=%2Fwp%2Fv2%2Fcomments&post=1090"}],"version-history":[{"count":5,"href":"https:\/\/ciioder.org.tr\/index.php?rest_route=\/wp\/v2\/pages\/1090\/revisions"}],"predecessor-version":[{"id":1101,"href":"https:\/\/ciioder.org.tr\/index.php?rest_route=\/wp\/v2\/pages\/1090\/revisions\/1101"}],"wp:attachment":[{"href":"https:\/\/ciioder.org.tr\/index.php?rest_route=%2Fwp%2Fv2%2Fmedia&parent=1090"}],"curies":[{"name":"wp","href":"https:\/\/api.w.org\/{rel}","templated":true}]}}