{"id":1111,"date":"2025-10-11T10:36:28","date_gmt":"2025-10-11T07:36:28","guid":{"rendered":"https:\/\/ciioder.org.tr\/?page_id=1111"},"modified":"2025-10-11T12:31:28","modified_gmt":"2025-10-11T09:31:28","slug":"11ekim-dunya-kiz-cocuklari-gununu-kutlarken","status":"publish","type":"page","link":"https:\/\/ciioder.org.tr\/?page_id=1111","title":{"rendered":"11 EK\u0130M D\u00dcNYA KIZ \u00c7OCUKLARI G\u00dcN\u00dcN\u00dc KUTLARKEN"},"content":{"rendered":"\t\t<div data-elementor-type=\"wp-page\" data-elementor-id=\"1111\" class=\"elementor elementor-1111\">\n\t\t\t\t<div class=\"elementor-element elementor-element-e666104 e-flex e-con-boxed e-con e-parent\" data-id=\"e666104\" data-element_type=\"container\">\n\t\t\t\t\t<div class=\"e-con-inner\">\n\t\t\t\t<div class=\"elementor-element elementor-element-bd55b2f elementor-widget elementor-widget-text-editor\" data-id=\"bd55b2f\" data-element_type=\"widget\" data-widget_type=\"text-editor.default\">\n\t\t\t\t<div class=\"elementor-widget-container\">\n\t\t\t\t\t\t\t<p><b><u><a href=\"https:\/\/halksagligi.hacettepe.edu.tr\/duyurular\/halkayonelik\/dkcg.pdf\">11 EK\u0130M&nbsp; D\u00dcNYA KIZ \u00c7OCUKLARI G\u00dcN\u00dcN\u00dc KUTLARKEN <\/a><a href=\"https:\/\/halksagligi.hacettepe.edu.tr\/duyurular\/halkayonelik\/dkcg.pdf\">UNUTTUKLARIMIZ<\/a><a href=\"https:\/\/halksagligi.hacettepe.edu.tr\/duyurular\/halkayonelik\/dkcg.pdf\">\u2026<\/a><\/u><\/b><\/p>\n<p><strong>&nbsp;<\/strong><a style=\"font-style: inherit; font-weight: inherit;\" href=\"https:\/\/halksagligi.hacettepe.edu.tr\/duyurular\/halkayonelik\/dkcg.pdf\"><strong>VEYA<\/strong><\/a><\/p>\n<p><strong><em>11 EK\u0130M D\u00dcNYA KIZ \u00c7OCUKLARI G\u00dcN\u00dcN\u00dc KUTLARKEN <\/em><\/strong><strong><em>UNUTAMADIKLARIMIZ\u2026 <\/em><\/strong><\/p>\n<p>D\u00fcnya K\u0131z \u00c7ocuklar\u0131 G\u00fcn\u00fc, 2012&#8217;de&nbsp;<a href=\"https:\/\/tr.wikipedia.org\/wiki\/Birle%C5%9Fmi%C5%9F_Milletler\">Birle\u015fmi\u015f Milletler<\/a>&nbsp;taraf\u0131ndan al\u0131nan bir kararla <a href=\"https:\/\/tr.wikipedia.org\/wiki\/K%C4%B1z\">k\u0131z \u00e7ocuklar\u0131n\u0131n<\/a>&nbsp;<a href=\"https:\/\/tr.wikipedia.org\/wiki\/Cinsiyet\">cinsiyetlerinden<\/a>&nbsp;\u00f6t\u00fcr\u00fc maruz kald\u0131\u011f\u0131&nbsp;<a href=\"https:\/\/tr.wikipedia.org\/wiki\/Cinsiyet_e%C5%9Fitsizli%C4%9Fi\">e\u015fitsizlik<\/a>&nbsp;konusundaki fark\u0131ndal\u0131\u011f\u0131n art\u0131r\u0131lmas\u0131 amac\u0131yla her y\u0131l 11 Ekim&#8217;de d\u00fcnya \u00e7ap\u0131nda kutlanmaktad\u0131r. &nbsp;<\/p>\n<p>K\u0131z \u00e7ocuklar\u0131na y\u00f6nelik ayr\u0131mc\u0131l\u0131\u011f\u0131n ve \u015fiddetin \u00f6nlenmesi, onlar\u0131n insan haklar\u0131ndan tam ve etkin bir \u015fekilde yararlanmalar\u0131n\u0131n sa\u011flanmas\u0131, k\u0131z \u00e7ocuklar\u0131n\u0131n desteklenmesi, g\u00fc\u00e7lendirilmesi ve onlara yat\u0131r\u0131m yap\u0131lmas\u0131 son derece \u00f6nemlidir. Ancak g\u00fcn\u00fcm\u00fczde h\u00e2l\u00e2 k\u0131z \u00e7ocuklar\u0131n\u0131n e\u011fitim hakk\u0131, kad\u0131na y\u00f6nelik \u015fiddet, zorla ve erken ya\u015fta evlilik gibi sorunlar g\u00fcncelli\u011fini korumaktad\u0131r. K\u0131z \u00e7ocuklar\u0131na y\u00f6nelik \u015fiddet olaylar\u0131 k\u0131z \u00e7ocuklar\u0131n\u0131n ya\u015fam hakk\u0131n\u0131, hak ve \u00f6zg\u00fcrl\u00fcklerini tehdit eden \u00f6nemli bir sorundur.&nbsp;<\/p>\n<p>K\u0131z \u00e7ocuklar\u0131, ba\u015fta e\u011fitim, sa\u011fl\u0131k ve toplumsal ya\u015fama kat\u0131l\u0131m olmak \u00fczere pek \u00e7ok alanda daha fazla ayr\u0131mc\u0131 muameleye maruz kalmaktad\u0131r. K\u0131z \u00e7ocuklar\u0131n\u0131n e\u011fitimden yoksun kalma olas\u0131l\u0131klar\u0131n\u0131n erkeklere k\u0131yasla neredeyse iki kat daha fazla oldu\u011fu ve her be\u015f k\u0131z \u00e7ocu\u011fundan birinin 18 ya\u015f\u0131ndan \u00f6nce evlendirildi\u011fi bilinmektedir.&nbsp; D\u00fcnyada yakla\u015f\u0131k 119 milyon k\u0131z \u00e7ocu\u011fu okul d\u0131\u015f\u0131nda bulunmaktad\u0131r.&nbsp; Son 30 y\u0131lda ergenlik \u00e7a\u011f\u0131ndaki k\u0131z \u00e7ocuklar\u0131n\u0131n e\u011fitime kat\u0131l\u0131m\u0131nda ilerleme olmas\u0131na ra\u011fmen h\u00e2l\u00e2 d\u00f6rt gen\u00e7 k\u0131zdan biri lise e\u011fitimi tamamlamaktad\u0131r. 15-19 ya\u015f aras\u0131 k\u0131zlar, erkeklere k\u0131yasla e\u011fitim, istihdam veya mesleki e\u011fitim d\u0131\u015f\u0131nda kalma olas\u0131l\u0131\u011f\u0131 daha y\u00fcksektir.<\/p>\n<p>Her y\u0131l yakla\u015f\u0131k 12 milyon k\u0131z \u00e7ocu\u011fu 18 ya\u015f\u0131ndan \u00f6nce kendi iste\u011fi d\u0131\u015f\u0131nda evlendirilmektedir. Bug\u00fcn d\u00fcnya genelinde \u00e7ocuk ya\u015fta evlendirilmi\u015f 650 milyondan fazla kad\u0131n ve k\u0131z \u00e7ocu\u011fu vard\u0131r. Erken ve zorla evlilik, \u00e7ocuklar\u0131n e\u011fitim, sa\u011fl\u0131k, bedensel ve psikososyal geli\u015fim haklar\u0131n\u0131 ellerinden alan ciddi bir insan haklar\u0131 ihlalidir. Bu durum k\u0131z \u00e7ocuklar\u0131n\u0131 okuldan uzakla\u015ft\u0131r\u0131r, erken ya\u015fta do\u011fum yapmaya zorlar, onlar\u0131 yoksulluk ve \u015fiddet riskine a\u00e7\u0131k hale getirir. Ayr\u0131ca, yasal haklardan mahrum kalmalar\u0131na ve duygusal geli\u015fimlerinin olumsuz etkilenmesine yol a\u00e7ar.<\/p>\n<p>K\u0131z \u00e7ocuklar\u0131n\u0131n e\u011fitim, spor, sanat ve bilim alanlar\u0131nda kendilerini geli\u015ftirerek yar\u0131n\u0131n g\u00fc\u00e7l\u00fc ve etkili kad\u0131nlar\u0131 olmalar\u0131n\u0131n \u00f6n\u00fcnde duran engeller kald\u0131r\u0131lmal\u0131, k\u0131z \u00e7ocuklar\u0131 21. y\u00fczy\u0131l\u0131n gereklerine uygun bir \u015fekilde bilgi ve beceriyle donat\u0131lmal\u0131d\u0131r. Bu sadece k\u0131z \u00e7ocuklar\u0131 i\u00e7in de\u011fil, ayn\u0131 zamanda sa\u011fl\u0131kl\u0131 toplumlar olu\u015fturmak i\u00e7in de gereklidir.<\/p>\n<p>T\u00fcm k\u0131z \u00e7ocuklar\u0131n\u0131n nitelikli ve g\u00fcvenli e\u011fitime eri\u015fimi sa\u011flanmal\u0131, erken ve zorla evliliklerin \u00f6nlenmesi i\u00e7in daha g\u00fc\u00e7l\u00fc yasal ve sosyal mekanizmalar hayata ge\u00e7irilmeli, aileler, toplumlar ve kurumlar k\u0131z \u00e7ocuklar\u0131n\u0131n e\u011fitimine yat\u0131r\u0131m yapmaya te\u015fvik edilmeli, cinsiyet e\u015fitli\u011fini destekleyen politikalar kararl\u0131l\u0131kla uygulanmal\u0131d\u0131r.<\/p>\n<p>K\u0131z \u00e7ocuklar\u0131n\u0131n ya\u015fad\u0131\u011f\u0131 sorunlara ili\u015fkin fark\u0131ndal\u0131\u011f\u0131 art\u0131rmak, d\u00fcnya genelinde oldu\u011fu gibi \u00fclkemizde de k\u0131z \u00e7ocuklar\u0131n\u0131n kar\u015f\u0131la\u015ft\u0131\u011f\u0131 zorluklar\u0131 ele almak ve haklar\u0131n\u0131 korumak ad\u0131na 11 Ekim D\u00fcnya K\u0131z \u00c7ocuklar\u0131 G\u00fcn\u00fc bir f\u0131rsat sunmaktad\u0131r. Bu vesile ile \u201cher k\u0131z \u00e7ocu\u011fu yar\u0131nlar\u0131m\u0131zd\u0131r\u201d diyor, t\u00fcm k\u0131z \u00e7ocuklar\u0131m\u0131z\u0131n 11 Ekim D\u00fcnya K\u0131z \u00c7ocuklar\u0131 G\u00fcn\u00fcn\u00fc kutluyoruz.<\/p>\n<p>&nbsp;&nbsp;&nbsp;&nbsp;&nbsp;&nbsp;&nbsp;&nbsp;&nbsp;&nbsp;&nbsp; <strong>BASINA VE KAMUOYUNA DUYURULUR\u2026<\/strong><\/p>\n<p><strong>\u00c7OCUK \u0130HMAL\u0130 VE \u0130ST\u0130SMARINI \u00d6NLEME DERNE\u011e\u0130<\/strong><\/p>\n<p><strong>&nbsp;<\/strong><strong style=\"font-style: inherit;\"><u>\u0130LET\u0130\u015e\u0130M \u0130\u00c7\u0130N:<\/u><\/strong><\/p>\n<p><span style=\"font-style: inherit; font-weight: inherit;\">\u0130leti : <\/span><a style=\"font-style: inherit; font-weight: inherit;\" href=\"mailto:cocukistismarinionlemedernegi@gmail.com\">cocukistismarinionlemedernegi@gmail.com<\/a><\/p>\n<p>&nbsp;Cep: Murat ALTU\u011eG\u0130L (Ba\u015fkan):&nbsp;<span style=\"font-style: inherit; font-weight: inherit;\">0532 7132094<\/span><\/p>\t\t\t\t\t\t<\/div>\n\t\t\t\t<\/div>\n\t\t\t\t\t<\/div>\n\t\t\t\t<\/div>\n\t\t\t\t<\/div>\n\t\t","protected":false},"excerpt":{"rendered":"<p>11 EK\u0130M&nbsp; D\u00dcNYA KIZ \u00c7OCUKLARI G\u00dcN\u00dcN\u00dc KUTLARKEN UNUTTUKLARIMIZ\u2026 &nbsp;VEYA 11 EK\u0130M D\u00dcNYA KIZ \u00c7OCUKLARI G\u00dcN\u00dcN\u00dc KUTLARKEN UNUTAMADIKLARIMIZ\u2026 D\u00fcnya K\u0131z \u00c7ocuklar\u0131 [&hellip;]<\/p>\n","protected":false},"author":1,"featured_media":0,"parent":0,"menu_order":0,"comment_status":"closed","ping_status":"closed","template":"","meta":{"site-sidebar-layout":"no-sidebar","site-content-layout":"","ast-site-content-layout":"full-width-container","site-content-style":"default","site-sidebar-style":"default","ast-global-header-display":"","ast-banner-title-visibility":"","ast-main-header-display":"","ast-hfb-above-header-display":"","ast-hfb-below-header-display":"","ast-hfb-mobile-header-display":"","site-post-title":"disabled","ast-breadcrumbs-content":"","ast-featured-img":"disabled","footer-sml-layout":"","theme-transparent-header-meta":"default","adv-header-id-meta":"","stick-header-meta":"","header-above-stick-meta":"","header-main-stick-meta":"","header-below-stick-meta":"","astra-migrate-meta-layouts":"set","ast-page-background-enabled":"default","ast-page-background-meta":{"desktop":{"background-color":"var(--ast-global-color-4)","background-image":"","background-repeat":"repeat","background-position":"center center","background-size":"auto","background-attachment":"scroll","background-type":"","background-media":"","overlay-type":"","overlay-color":"","overlay-opacity":"","overlay-gradient":""},"tablet":{"background-color":"","background-image":"","background-repeat":"repeat","background-position":"center center","background-size":"auto","background-attachment":"scroll","background-type":"","background-media":"","overlay-type":"","overlay-color":"","overlay-opacity":"","overlay-gradient":""},"mobile":{"background-color":"","background-image":"","background-repeat":"repeat","background-position":"center center","background-size":"auto","background-attachment":"scroll","background-type":"","background-media":"","overlay-type":"","overlay-color":"","overlay-opacity":"","overlay-gradient":""}},"ast-content-background-meta":{"desktop":{"background-color":"var(--ast-global-color-5)","background-image":"","background-repeat":"repeat","background-position":"center center","background-size":"auto","background-attachment":"scroll","background-type":"","background-media":"","overlay-type":"","overlay-color":"","overlay-opacity":"","overlay-gradient":""},"tablet":{"background-color":"var(--ast-global-color-5)","background-image":"","background-repeat":"repeat","background-position":"center center","background-size":"auto","background-attachment":"scroll","background-type":"","background-media":"","overlay-type":"","overlay-color":"","overlay-opacity":"","overlay-gradient":""},"mobile":{"background-color":"var(--ast-global-color-5)","background-image":"","background-repeat":"repeat","background-position":"center center","background-size":"auto","background-attachment":"scroll","background-type":"","background-media":"","overlay-type":"","overlay-color":"","overlay-opacity":"","overlay-gradient":""}},"footnotes":""},"class_list":["post-1111","page","type-page","status-publish","hentry"],"_links":{"self":[{"href":"https:\/\/ciioder.org.tr\/index.php?rest_route=\/wp\/v2\/pages\/1111","targetHints":{"allow":["GET"]}}],"collection":[{"href":"https:\/\/ciioder.org.tr\/index.php?rest_route=\/wp\/v2\/pages"}],"about":[{"href":"https:\/\/ciioder.org.tr\/index.php?rest_route=\/wp\/v2\/types\/page"}],"author":[{"embeddable":true,"href":"https:\/\/ciioder.org.tr\/index.php?rest_route=\/wp\/v2\/users\/1"}],"replies":[{"embeddable":true,"href":"https:\/\/ciioder.org.tr\/index.php?rest_route=%2Fwp%2Fv2%2Fcomments&post=1111"}],"version-history":[{"count":7,"href":"https:\/\/ciioder.org.tr\/index.php?rest_route=\/wp\/v2\/pages\/1111\/revisions"}],"predecessor-version":[{"id":1127,"href":"https:\/\/ciioder.org.tr\/index.php?rest_route=\/wp\/v2\/pages\/1111\/revisions\/1127"}],"wp:attachment":[{"href":"https:\/\/ciioder.org.tr\/index.php?rest_route=%2Fwp%2Fv2%2Fmedia&parent=1111"}],"curies":[{"name":"wp","href":"https:\/\/api.w.org\/{rel}","templated":true}]}}