{"id":123,"date":"2024-05-26T18:23:57","date_gmt":"2024-05-26T18:23:57","guid":{"rendered":"http:\/\/ciioder.org.tr\/?page_id=123"},"modified":"2025-10-11T12:34:15","modified_gmt":"2025-10-11T09:34:15","slug":"yonetim-kurulu","status":"publish","type":"page","link":"https:\/\/ciioder.org.tr\/?page_id=123","title":{"rendered":"Y\u00f6netim Kurulu \u00dcyeleri"},"content":{"rendered":"\t\t<div data-elementor-type=\"wp-page\" data-elementor-id=\"123\" class=\"elementor elementor-123\">\n\t\t\t\t<div class=\"elementor-element elementor-element-ae383cd e-grid e-con-full e-con e-parent\" data-id=\"ae383cd\" data-element_type=\"container\">\n\t\t\t\t<div class=\"elementor-element elementor-element-ec2542f elementor-widget elementor-widget-text-editor\" data-id=\"ec2542f\" data-element_type=\"widget\" data-widget_type=\"text-editor.default\">\n\t\t\t\t<div class=\"elementor-widget-container\">\n\t\t\t\t\t\t\t<h3><span style=\"font-size: 1.5em; font-style: normal;\">Ba\u015fkan<\/span><\/h3><h3>Murat ALTU\u011eG\u0130L<\/h3><p>\u00a0<\/p>\t\t\t\t\t\t<\/div>\n\t\t\t\t<\/div>\n\t\t\t\t<\/div>\n\t\t<div class=\"elementor-element elementor-element-ca2bad8 e-flex e-con-boxed e-con e-parent\" data-id=\"ca2bad8\" data-element_type=\"container\">\n\t\t\t\t\t<div class=\"e-con-inner\">\n\t\t\t\t<div class=\"elementor-element elementor-element-fdcf584 elementor-widget-divider--view-line elementor-widget elementor-widget-divider\" data-id=\"fdcf584\" data-element_type=\"widget\" data-widget_type=\"divider.default\">\n\t\t\t\t<div class=\"elementor-widget-container\">\n\t\t\t\t\t<div class=\"elementor-divider\">\n\t\t\t<span class=\"elementor-divider-separator\">\n\t\t\t\t\t\t<\/span>\n\t\t<\/div>\n\t\t\t\t<\/div>\n\t\t\t\t<\/div>\n\t\t\t\t\t<\/div>\n\t\t\t\t<\/div>\n\t\t<div class=\"elementor-element elementor-element-7bc7c58 e-grid e-con-full e-con e-parent\" data-id=\"7bc7c58\" data-element_type=\"container\">\n\t\t\t\t<div class=\"elementor-element elementor-element-0a39d69 elementor-widget elementor-widget-text-editor\" data-id=\"0a39d69\" data-element_type=\"widget\" data-widget_type=\"text-editor.default\">\n\t\t\t\t<div class=\"elementor-widget-container\">\n\t\t\t\t\t\t\t<h3><span style=\"font-size: 1.5em; font-style: normal; font-weight: bold;\">Ba\u015fkan Yard\u0131mc\u0131s\u0131<\/span><\/h3><h3>\u015eahin ANTAKYALIO\u011eLU<\/h3><p>\u00a0<\/p><p>\u00a0<\/p>\t\t\t\t\t\t<\/div>\n\t\t\t\t<\/div>\n\t\t\t\t<\/div>\n\t\t<div class=\"elementor-element elementor-element-8a325e1 e-flex e-con-boxed e-con e-parent\" data-id=\"8a325e1\" data-element_type=\"container\">\n\t\t\t\t\t<div class=\"e-con-inner\">\n\t\t\t\t<div class=\"elementor-element elementor-element-64b2a76 elementor-widget-divider--view-line elementor-widget elementor-widget-divider\" data-id=\"64b2a76\" data-element_type=\"widget\" data-widget_type=\"divider.default\">\n\t\t\t\t<div class=\"elementor-widget-container\">\n\t\t\t\t\t<div class=\"elementor-divider\">\n\t\t\t<span class=\"elementor-divider-separator\">\n\t\t\t\t\t\t<\/span>\n\t\t<\/div>\n\t\t\t\t<\/div>\n\t\t\t\t<\/div>\n\t\t\t\t\t<\/div>\n\t\t\t\t<\/div>\n\t\t<div class=\"elementor-element elementor-element-f6ba693 e-grid e-con-full e-con e-parent\" data-id=\"f6ba693\" data-element_type=\"container\">\n\t\t\t\t<div class=\"elementor-element elementor-element-d6c9832 elementor-widget elementor-widget-text-editor\" data-id=\"d6c9832\" data-element_type=\"widget\" data-widget_type=\"text-editor.default\">\n\t\t\t\t<div class=\"elementor-widget-container\">\n\t\t\t\t\t\t\t<h3>Genel Sekreter<\/h3><h3>Muradiye ORAL<\/h3>\t\t\t\t\t\t<\/div>\n\t\t\t\t<\/div>\n\t\t\t\t<\/div>\n\t\t<div class=\"elementor-element elementor-element-ed3aac7 e-flex e-con-boxed e-con e-parent\" data-id=\"ed3aac7\" data-element_type=\"container\">\n\t\t\t\t\t<div class=\"e-con-inner\">\n\t\t\t\t<div class=\"elementor-element elementor-element-3a8f699 elementor-widget-divider--view-line elementor-widget elementor-widget-divider\" data-id=\"3a8f699\" data-element_type=\"widget\" data-widget_type=\"divider.default\">\n\t\t\t\t<div class=\"elementor-widget-container\">\n\t\t\t\t\t<div class=\"elementor-divider\">\n\t\t\t<span class=\"elementor-divider-separator\">\n\t\t\t\t\t\t<\/span>\n\t\t<\/div>\n\t\t\t\t<\/div>\n\t\t\t\t<\/div>\n\t\t\t\t\t<\/div>\n\t\t\t\t<\/div>\n\t\t<div class=\"elementor-element elementor-element-74ecb30 e-grid e-con-full e-con e-parent\" data-id=\"74ecb30\" data-element_type=\"container\">\n\t\t\t\t<div class=\"elementor-element elementor-element-db5fb35 elementor-widget elementor-widget-text-editor\" data-id=\"db5fb35\" data-element_type=\"widget\" data-widget_type=\"text-editor.default\">\n\t\t\t\t<div class=\"elementor-widget-container\">\n\t\t\t\t\t\t\t<h3><span style=\"font-size: 1.5em; font-style: normal; font-weight: bold;\">Sayman<\/span><\/h3><h3>Fayik YURTKULU<\/h3><p>\u00a0<\/p>\t\t\t\t\t\t<\/div>\n\t\t\t\t<\/div>\n\t\t\t\t<\/div>\n\t\t<div class=\"elementor-element elementor-element-1ac73f1 e-flex e-con-boxed e-con e-parent\" data-id=\"1ac73f1\" data-element_type=\"container\">\n\t\t\t\t\t<div class=\"e-con-inner\">\n\t\t\t\t<div class=\"elementor-element elementor-element-74a41a4 elementor-widget-divider--view-line elementor-widget elementor-widget-divider\" data-id=\"74a41a4\" data-element_type=\"widget\" data-widget_type=\"divider.default\">\n\t\t\t\t<div class=\"elementor-widget-container\">\n\t\t\t\t\t<div class=\"elementor-divider\">\n\t\t\t<span class=\"elementor-divider-separator\">\n\t\t\t\t\t\t<\/span>\n\t\t<\/div>\n\t\t\t\t<\/div>\n\t\t\t\t<\/div>\n\t\t\t\t\t<\/div>\n\t\t\t\t<\/div>\n\t\t<div class=\"elementor-element elementor-element-838b345 e-grid e-con-full e-con e-parent\" data-id=\"838b345\" data-element_type=\"container\">\n\t\t\t\t<div class=\"elementor-element elementor-element-f0a994a elementor-widget elementor-widget-text-editor\" data-id=\"f0a994a\" data-element_type=\"widget\" data-widget_type=\"text-editor.default\">\n\t\t\t\t<div class=\"elementor-widget-container\">\n\t\t\t\t\t\t\t<h3><span style=\"font-size: 45px;\">\u00fcye<\/span><\/h3><h3>Prof. Dr.Aysun BARANSEL ISIR<\/h3><p>Adli T\u0131p Uzman\u0131<\/p><p>Gaziantep \u00dcniversitesi T\u0131p Fak\u00fcltesi Dahili T\u0131p Bilimleri B\u00f6l\u00fcm\u00fc Adli T\u0131p Anabilim Dal\u0131<\/p>\t\t\t\t\t\t<\/div>\n\t\t\t\t<\/div>\n\t\t\t\t<div class=\"elementor-element elementor-element-f29ffcc elementor-widget elementor-widget-image\" data-id=\"f29ffcc\" data-element_type=\"widget\" data-widget_type=\"image.default\">\n\t\t\t\t<div class=\"elementor-widget-container\">\n\t\t\t\t\t\t\t\t\t\t\t\t\t<img decoding=\"async\" width=\"190\" height=\"245\" src=\"https:\/\/ciioder.org.tr\/wp-content\/uploads\/2024\/06\/aysun.jpg\" class=\"attachment-large size-large wp-image-601\" alt=\"\" \/>\t\t\t\t\t\t\t\t\t\t\t\t\t<\/div>\n\t\t\t\t<\/div>\n\t\t\t\t<\/div>\n\t\t<div class=\"elementor-element elementor-element-1a9836b e-flex e-con-boxed e-con e-parent\" data-id=\"1a9836b\" data-element_type=\"container\">\n\t\t\t\t\t<div class=\"e-con-inner\">\n\t\t\t\t<div class=\"elementor-element elementor-element-1a5e741 elementor-widget-divider--view-line elementor-widget elementor-widget-divider\" data-id=\"1a5e741\" data-element_type=\"widget\" data-widget_type=\"divider.default\">\n\t\t\t\t<div class=\"elementor-widget-container\">\n\t\t\t\t\t<div class=\"elementor-divider\">\n\t\t\t<span class=\"elementor-divider-separator\">\n\t\t\t\t\t\t<\/span>\n\t\t<\/div>\n\t\t\t\t<\/div>\n\t\t\t\t<\/div>\n\t\t\t\t\t<\/div>\n\t\t\t\t<\/div>\n\t\t<div class=\"elementor-element elementor-element-a585731 e-grid e-con-full e-con e-parent\" data-id=\"a585731\" data-element_type=\"container\">\n\t\t\t\t<div class=\"elementor-element elementor-element-5530a1a elementor-widget elementor-widget-text-editor\" data-id=\"5530a1a\" data-element_type=\"widget\" data-widget_type=\"text-editor.default\">\n\t\t\t\t<div class=\"elementor-widget-container\">\n\t\t\t\t\t\t\t<h3><span style=\"font-size: 1.5em; font-style: normal; font-weight: bold;\">\u00dcye<\/span><\/h3><h3>Ferda KARADA\u011e<\/h3><p>\u00a0<\/p>\t\t\t\t\t\t<\/div>\n\t\t\t\t<\/div>\n\t\t\t\t<\/div>\n\t\t<div class=\"elementor-element elementor-element-97cd8db e-flex e-con-boxed e-con e-parent\" data-id=\"97cd8db\" data-element_type=\"container\">\n\t\t\t\t\t<div class=\"e-con-inner\">\n\t\t\t\t<div class=\"elementor-element elementor-element-cd069ef elementor-widget-divider--view-line elementor-widget elementor-widget-divider\" data-id=\"cd069ef\" data-element_type=\"widget\" data-widget_type=\"divider.default\">\n\t\t\t\t<div class=\"elementor-widget-container\">\n\t\t\t\t\t<div class=\"elementor-divider\">\n\t\t\t<span class=\"elementor-divider-separator\">\n\t\t\t\t\t\t<\/span>\n\t\t<\/div>\n\t\t\t\t<\/div>\n\t\t\t\t<\/div>\n\t\t\t\t\t<\/div>\n\t\t\t\t<\/div>\n\t\t<div class=\"elementor-element elementor-element-8b181e3 e-grid e-con-full e-con e-parent\" data-id=\"8b181e3\" data-element_type=\"container\">\n\t\t\t\t<div class=\"elementor-element elementor-element-43ae1a1 elementor-widget elementor-widget-text-editor\" data-id=\"43ae1a1\" data-element_type=\"widget\" data-widget_type=\"text-editor.default\">\n\t\t\t\t<div class=\"elementor-widget-container\">\n\t\t\t\t\t\t\t<h3><span style=\"font-size: 1.5em; font-style: normal; font-weight: bold;\">\u00dcye<\/span><\/h3><h3>Uzman Dr. Emre G\u00dcNG\u00d6R<\/h3><p>\u00c7ocuk Sa\u011fl\u0131\u011f\u0131 ve Hastal\u0131klar\u0131 Uzman\u0131<\/p><div class=\"content\"><div class=\"container\"><div class=\"card\"><div class=\"card-body\"><div class=\"doctor-widget doctor-widget-one\"><div class=\"doc-info-left col-md-6\"><div class=\"doc-info-cont\">Mardin Devlet Hastanesi \u00c7ocuk Acil<\/div><\/div><\/div><\/div><\/div><\/div><\/div><section class=\"our-doctors-section\"><div class=\"container\"><div class=\"row\"><div class=\"col-md-6 aos aos-init\" data-aos=\"fade-up\"><div class=\"section-heading\">\u00a0<\/div><\/div><\/div><\/div><\/section>\t\t\t\t\t\t<\/div>\n\t\t\t\t<\/div>\n\t\t\t\t<div class=\"elementor-element elementor-element-964e0ac elementor-widget elementor-widget-image\" data-id=\"964e0ac\" data-element_type=\"widget\" data-widget_type=\"image.default\">\n\t\t\t\t<div class=\"elementor-widget-container\">\n\t\t\t\t\t\t\t\t\t\t\t\t\t<img decoding=\"async\" width=\"200\" height=\"200\" src=\"https:\/\/ciioder.org.tr\/wp-content\/uploads\/2024\/06\/Uzm-dr-emre-Gungor-5QA8F852_4650.jpg\" class=\"attachment-large size-large wp-image-701\" alt=\"\" srcset=\"https:\/\/ciioder.org.tr\/wp-content\/uploads\/2024\/06\/Uzm-dr-emre-Gungor-5QA8F852_4650.jpg 200w, https:\/\/ciioder.org.tr\/wp-content\/uploads\/2024\/06\/Uzm-dr-emre-Gungor-5QA8F852_4650-150x150.jpg 150w\" sizes=\"(max-width: 200px) 100vw, 200px\" \/>\t\t\t\t\t\t\t\t\t\t\t\t\t<\/div>\n\t\t\t\t<\/div>\n\t\t\t\t<\/div>\n\t\t<div class=\"elementor-element elementor-element-d0d6aaa e-flex e-con-boxed e-con e-parent\" data-id=\"d0d6aaa\" data-element_type=\"container\">\n\t\t\t\t\t<div class=\"e-con-inner\">\n\t\t\t\t<div class=\"elementor-element elementor-element-a7e929f elementor-widget-divider--view-line elementor-widget elementor-widget-divider\" data-id=\"a7e929f\" data-element_type=\"widget\" data-widget_type=\"divider.default\">\n\t\t\t\t<div class=\"elementor-widget-container\">\n\t\t\t\t\t<div class=\"elementor-divider\">\n\t\t\t<span class=\"elementor-divider-separator\">\n\t\t\t\t\t\t<\/span>\n\t\t<\/div>\n\t\t\t\t<\/div>\n\t\t\t\t<\/div>\n\t\t\t\t\t<\/div>\n\t\t\t\t<\/div>\n\t\t<div class=\"elementor-element elementor-element-bcc5ac4 e-grid e-con-full e-con e-parent\" data-id=\"bcc5ac4\" data-element_type=\"container\">\n\t\t\t\t<div class=\"elementor-element elementor-element-cc64475 elementor-widget elementor-widget-text-editor\" data-id=\"cc64475\" data-element_type=\"widget\" data-widget_type=\"text-editor.default\">\n\t\t\t\t<div class=\"elementor-widget-container\">\n\t\t\t\t\t\t\t<h3><span style=\"font-size: 1.5em; font-style: normal; font-weight: bold;\">\u00dcye<\/span><\/h3><h3>\u0130mran KEZER<\/h3><p>Psikolog<\/p><p>Bir \u0130z Psikolojik Dan\u0131\u015fmanl\u0131k<\/p>\t\t\t\t\t\t<\/div>\n\t\t\t\t<\/div>\n\t\t\t\t<div class=\"elementor-element elementor-element-8b27f8b elementor-widget elementor-widget-image\" data-id=\"8b27f8b\" data-element_type=\"widget\" data-widget_type=\"image.default\">\n\t\t\t\t<div class=\"elementor-widget-container\">\n\t\t\t\t\t\t\t\t\t\t\t\t\t<img fetchpriority=\"high\" decoding=\"async\" width=\"289\" height=\"344\" src=\"https:\/\/ciioder.org.tr\/wp-content\/uploads\/2024\/05\/imran_kezer.jpeg\" class=\"attachment-large size-large wp-image-311\" alt=\"\" srcset=\"https:\/\/ciioder.org.tr\/wp-content\/uploads\/2024\/05\/imran_kezer.jpeg 289w, https:\/\/ciioder.org.tr\/wp-content\/uploads\/2024\/05\/imran_kezer-252x300.jpeg 252w\" sizes=\"(max-width: 289px) 100vw, 289px\" \/>\t\t\t\t\t\t\t\t\t\t\t\t\t<\/div>\n\t\t\t\t<\/div>\n\t\t\t\t<\/div>\n\t\t<div class=\"elementor-element elementor-element-62b8562 e-flex e-con-boxed e-con e-parent\" data-id=\"62b8562\" data-element_type=\"container\">\n\t\t\t\t\t<div class=\"e-con-inner\">\n\t\t\t\t<div class=\"elementor-element elementor-element-091b8cf elementor-widget-divider--view-line elementor-widget elementor-widget-divider\" data-id=\"091b8cf\" data-element_type=\"widget\" data-widget_type=\"divider.default\">\n\t\t\t\t<div class=\"elementor-widget-container\">\n\t\t\t\t\t<div class=\"elementor-divider\">\n\t\t\t<span class=\"elementor-divider-separator\">\n\t\t\t\t\t\t<\/span>\n\t\t<\/div>\n\t\t\t\t<\/div>\n\t\t\t\t<\/div>\n\t\t\t\t\t<\/div>\n\t\t\t\t<\/div>\n\t\t<div class=\"elementor-element elementor-element-0b41630 e-grid e-con-full e-con e-parent\" data-id=\"0b41630\" data-element_type=\"container\">\n\t\t\t\t<div class=\"elementor-element elementor-element-1c3f50a elementor-widget elementor-widget-text-editor\" data-id=\"1c3f50a\" data-element_type=\"widget\" data-widget_type=\"text-editor.default\">\n\t\t\t\t<div class=\"elementor-widget-container\">\n\t\t\t\t\t\t\t<h3><span style=\"font-size: 1.5em; font-style: normal; font-weight: bold;\">\u00dcye<\/span><\/h3><h3>Mine C\u0130HANO\u011eLU<\/h3><p>Psikolog<\/p>\t\t\t\t\t\t<\/div>\n\t\t\t\t<\/div>\n\t\t\t\t<\/div>\n\t\t<div class=\"elementor-element elementor-element-01a5c01 e-flex e-con-boxed e-con e-parent\" data-id=\"01a5c01\" data-element_type=\"container\">\n\t\t\t\t\t<div class=\"e-con-inner\">\n\t\t\t\t<div class=\"elementor-element elementor-element-fe7e50e elementor-widget-divider--view-line_icon elementor-widget-divider--separator-type-pattern elementor-view-default elementor-widget-divider--element-align-center elementor-widget elementor-widget-divider\" data-id=\"fe7e50e\" data-element_type=\"widget\" data-widget_type=\"divider.default\">\n\t\t\t\t<div class=\"elementor-widget-container\">\n\t\t\t\t\t<div class=\"elementor-divider\" style=\"--divider-pattern-url: url(&quot;data:image\/svg+xml,%3Csvg xmlns=&#039;http:\/\/www.w3.org\/2000\/svg&#039; preserveAspectRatio=&#039;none&#039; overflow=&#039;visible&#039; height=&#039;100%&#039; viewBox=&#039;0 0 24 24&#039; fill=&#039;black&#039; stroke=&#039;none&#039;%3E%3Cpolygon points=&#039;9.4,2 24,2 14.6,21.6 0,21.6&#039;\/%3E%3C\/svg%3E&quot;);\">\n\t\t\t<span class=\"elementor-divider-separator\">\n\t\t\t\t\t\t\t<div class=\"elementor-icon elementor-divider__element\">\n\t\t\t\t\t<svg aria-hidden=\"true\" class=\"e-font-icon-svg e-fas-star-and-crescent\" viewBox=\"0 0 512 512\" xmlns=\"http:\/\/www.w3.org\/2000\/svg\"><path d=\"M340.47 466.36c-1.45 0-6.89.46-9.18.46-116.25 0-210.82-94.57-210.82-210.82S215.04 45.18 331.29 45.18c2.32 0 7.7.46 9.18.46 7.13 0 13.33-5.03 14.75-12.07 1.46-7.25-2.55-14.49-9.47-17.09C316.58 5.54 286.39 0 256 0 114.84 0 0 114.84 0 256s114.84 256 256 256c30.23 0 60.28-5.49 89.32-16.32 5.96-2.02 10.28-7.64 10.28-14.26 0-8.09-6.39-15.06-15.13-15.06zm162.99-252.5l-76.38-11.1-34.16-69.21c-1.83-3.7-5.38-5.55-8.93-5.55s-7.1 1.85-8.93 5.55l-34.16 69.21-76.38 11.1c-8.17 1.18-11.43 11.22-5.52 16.99l55.27 53.87-13.05 76.07c-1.11 6.44 4.01 11.66 9.81 11.66 1.53 0 3.11-.36 4.64-1.17L384 335.37l68.31 35.91c1.53.8 3.11 1.17 4.64 1.17 5.8 0 10.92-5.23 9.81-11.66l-13.05-76.07 55.27-53.87c5.91-5.77 2.65-15.81-5.52-16.99z\"><\/path><\/svg><\/div>\n\t\t\t\t\t\t<\/span>\n\t\t<\/div>\n\t\t\t\t<\/div>\n\t\t\t\t<\/div>\n\t\t\t\t\t<\/div>\n\t\t\t\t<\/div>\n\t\t<div class=\"elementor-element elementor-element-69eb600 e-grid e-con-boxed e-con e-parent\" data-id=\"69eb600\" data-element_type=\"container\">\n\t\t\t\t\t<div class=\"e-con-inner\">\n\t\t\t\t<div class=\"elementor-element elementor-element-f359a3d elementor-widget elementor-widget-heading\" data-id=\"f359a3d\" data-element_type=\"widget\" data-widget_type=\"heading.default\">\n\t\t\t\t<div class=\"elementor-widget-container\">\n\t\t\t<h2 class=\"elementor-heading-title elementor-size-default\">Y\u00d6NET\u0130M KURULU YEDEK \u00dcYELER\u0130 : <\/h2>\t\t<\/div>\n\t\t\t\t<\/div>\n\t\t\t\t<div class=\"elementor-element elementor-element-b80feb4 elementor-widget elementor-widget-text-editor\" data-id=\"b80feb4\" data-element_type=\"widget\" data-widget_type=\"text-editor.default\">\n\t\t\t\t<div class=\"elementor-widget-container\">\n\t\t\t\t\t\t\t<ol><li><b><b>Mine<span style=\"font-style: inherit; letter-spacing: 0.3px;\"> C\u0130HANO\u011eLU(Ayr\u0131lan \u00d6zlem Haskan Avc\u0131 yerine y\u00f6netim kuruluna\u00a0 dahil oldu)<\/span><\/b><\/b><b><span style=\"font-style: inherit; letter-spacing: 0.3px;\">\u00a0<\/span><\/b><\/li><li><strong style=\"font-style: inherit; letter-spacing: 0.3px;\">Nazl\u0131 Deniz Y\u0130\u011e\u0130T<\/strong><\/li><li><strong style=\"font-style: inherit; letter-spacing: 0.3px;\">Zeynep MUTLU<\/strong><\/li><li><strong style=\"font-style: inherit; letter-spacing: 0.3px;\">Sultan \u00c7AMUR KARATA\u015e<\/strong><span style=\"font-style: inherit; font-weight: inherit; letter-spacing: 0.3px;\">, Sosyal Hizmet Uzman\u0131, Kamu Y\u00f6netimi Uzman\u0131, Emekli<\/span><\/li><li><b>Cemile Didem KARABO\u011eA<\/b><\/li><\/ol>\t\t\t\t\t\t<\/div>\n\t\t\t\t<\/div>\n\t\t\t\t\t<\/div>\n\t\t\t\t<\/div>\n\t\t\t\t<\/div>\n\t\t","protected":false},"excerpt":{"rendered":"<p>Ba\u015fkan Murat ALTU\u011eG\u0130L \u00a0 Ba\u015fkan Yard\u0131mc\u0131s\u0131 \u015eahin ANTAKYALIO\u011eLU \u00a0 \u00a0 Genel Sekreter Muradiye ORAL Sayman Fayik YURTKULU \u00a0 \u00fcye Prof. [&hellip;]<\/p>\n","protected":false},"author":1,"featured_media":0,"parent":0,"menu_order":0,"comment_status":"closed","ping_status":"closed","template":"","meta":{"site-sidebar-layout":"no-sidebar","site-content-layout":"","ast-site-content-layout":"full-width-container","site-content-style":"default","site-sidebar-style":"default","ast-global-header-display":"","ast-banner-title-visibility":"","ast-main-header-display":"","ast-hfb-above-header-display":"","ast-hfb-below-header-display":"","ast-hfb-mobile-header-display":"","site-post-title":"disabled","ast-breadcrumbs-content":"","ast-featured-img":"disabled","footer-sml-layout":"","theme-transparent-header-meta":"default","adv-header-id-meta":"","stick-header-meta":"","header-above-stick-meta":"","header-main-stick-meta":"","header-below-stick-meta":"","astra-migrate-meta-layouts":"set","ast-page-background-enabled":"default","ast-page-background-meta":{"desktop":{"background-color":"var(--ast-global-color-4)","background-image":"","background-repeat":"repeat","background-position":"center center","background-size":"auto","background-attachment":"scroll","background-type":"","background-media":"","overlay-type":"","overlay-color":"","overlay-opacity":"","overlay-gradient":""},"tablet":{"background-color":"","background-image":"","background-repeat":"repeat","background-position":"center center","background-size":"auto","background-attachment":"scroll","background-type":"","background-media":"","overlay-type":"","overlay-color":"","overlay-opacity":"","overlay-gradient":""},"mobile":{"background-color":"","background-image":"","background-repeat":"repeat","background-position":"center center","background-size":"auto","background-attachment":"scroll","background-type":"","background-media":"","overlay-type":"","overlay-color":"","overlay-opacity":"","overlay-gradient":""}},"ast-content-background-meta":{"desktop":{"background-color":"var(--ast-global-color-5)","background-image":"","background-repeat":"repeat","background-position":"center center","background-size":"auto","background-attachment":"scroll","background-type":"","background-media":"","overlay-type":"","overlay-color":"","overlay-opacity":"","overlay-gradient":""},"tablet":{"background-color":"var(--ast-global-color-5)","background-image":"","background-repeat":"repeat","background-position":"center center","background-size":"auto","background-attachment":"scroll","background-type":"","background-media":"","overlay-type":"","overlay-color":"","overlay-opacity":"","overlay-gradient":""},"mobile":{"background-color":"var(--ast-global-color-5)","background-image":"","background-repeat":"repeat","background-position":"center center","background-size":"auto","background-attachment":"scroll","background-type":"","background-media":"","overlay-type":"","overlay-color":"","overlay-opacity":"","overlay-gradient":""}},"footnotes":""},"class_list":["post-123","page","type-page","status-publish","hentry"],"_links":{"self":[{"href":"https:\/\/ciioder.org.tr\/index.php?rest_route=\/wp\/v2\/pages\/123","targetHints":{"allow":["GET"]}}],"collection":[{"href":"https:\/\/ciioder.org.tr\/index.php?rest_route=\/wp\/v2\/pages"}],"about":[{"href":"https:\/\/ciioder.org.tr\/index.php?rest_route=\/wp\/v2\/types\/page"}],"author":[{"embeddable":true,"href":"https:\/\/ciioder.org.tr\/index.php?rest_route=\/wp\/v2\/users\/1"}],"replies":[{"embeddable":true,"href":"https:\/\/ciioder.org.tr\/index.php?rest_route=%2Fwp%2Fv2%2Fcomments&post=123"}],"version-history":[{"count":132,"href":"https:\/\/ciioder.org.tr\/index.php?rest_route=\/wp\/v2\/pages\/123\/revisions"}],"predecessor-version":[{"id":1130,"href":"https:\/\/ciioder.org.tr\/index.php?rest_route=\/wp\/v2\/pages\/123\/revisions\/1130"}],"wp:attachment":[{"href":"https:\/\/ciioder.org.tr\/index.php?rest_route=%2Fwp%2Fv2%2Fmedia&parent=123"}],"curies":[{"name":"wp","href":"https:\/\/api.w.org\/{rel}","templated":true}]}}