{"id":145,"date":"2024-05-26T20:16:44","date_gmt":"2024-05-26T20:16:44","guid":{"rendered":"http:\/\/ciioder.org.tr\/?page_id=145"},"modified":"2025-10-28T14:11:56","modified_gmt":"2025-10-28T11:11:56","slug":"egitim-etkinlik","status":"publish","type":"page","link":"https:\/\/ciioder.org.tr\/?page_id=145","title":{"rendered":"E\u011e\u0130T\u0130M &#038; ETK\u0130NL\u0130K"},"content":{"rendered":"\t\t<div data-elementor-type=\"wp-page\" data-elementor-id=\"145\" class=\"elementor elementor-145\">\n\t\t\t\t<div class=\"elementor-element elementor-element-1dcde36 e-flex e-con-boxed e-con e-parent\" data-id=\"1dcde36\" data-element_type=\"container\">\n\t\t\t\t\t<div class=\"e-con-inner\">\n\t\t\t\t<div class=\"elementor-element elementor-element-aa77ff6 elementor-widget elementor-widget-image\" data-id=\"aa77ff6\" data-element_type=\"widget\" data-widget_type=\"image.default\">\n\t\t\t\t<div class=\"elementor-widget-container\">\n\t\t\t\t\t\t\t\t\t\t\t\t\t\t<a href=\"http:\/\/ciioder.org.tr\/wp-content\/uploads\/2025\/10\/Suca-Suruklenen-Cocuklarda-Turk-Ceza-Kanunu-Degisikligi-Teklifi-Degerlendirme-Calistay.pdf\" target=\"_blank\">\n\t\t\t\t\t\t\t<img fetchpriority=\"high\" decoding=\"async\" width=\"271\" height=\"300\" src=\"https:\/\/ciioder.org.tr\/wp-content\/uploads\/2025\/10\/calistay-271x300.jpeg\" class=\"attachment-medium size-medium wp-image-1132\" alt=\"\" srcset=\"https:\/\/ciioder.org.tr\/wp-content\/uploads\/2025\/10\/calistay-271x300.jpeg 271w, https:\/\/ciioder.org.tr\/wp-content\/uploads\/2025\/10\/calistay-925x1024.jpeg 925w, https:\/\/ciioder.org.tr\/wp-content\/uploads\/2025\/10\/calistay-768x850.jpeg 768w, https:\/\/ciioder.org.tr\/wp-content\/uploads\/2025\/10\/calistay.jpeg 1024w\" sizes=\"(max-width: 271px) 100vw, 271px\" \/>\t\t\t\t\t\t\t\t<\/a>\n\t\t\t\t\t\t\t\t\t\t\t\t\t<\/div>\n\t\t\t\t<\/div>\n\t\t\t\t\t<\/div>\n\t\t\t\t<\/div>\n\t\t<div class=\"elementor-element elementor-element-ed1ca6a e-grid e-con-boxed e-con e-parent\" data-id=\"ed1ca6a\" data-element_type=\"container\">\n\t\t\t\t\t<div class=\"e-con-inner\">\n\t\t\t\t<div class=\"elementor-element elementor-element-def1535 elementor-widget elementor-widget-image\" data-id=\"def1535\" data-element_type=\"widget\" data-widget_type=\"image.default\">\n\t\t\t\t<div class=\"elementor-widget-container\">\n\t\t\t\t\t\t\t\t\t\t\t\t\t\t<a href=\"https:\/\/ciioder.org.tr\/?page_id=863\">\n\t\t\t\t\t\t\t<img decoding=\"async\" width=\"724\" height=\"1024\" src=\"https:\/\/ciioder.org.tr\/wp-content\/uploads\/2024\/06\/WhatsApp-Image-2024-05-27-at-21.11.05-724x1024.jpeg\" class=\"elementor-animation-grow attachment-large size-large wp-image-822\" alt=\"\" srcset=\"https:\/\/ciioder.org.tr\/wp-content\/uploads\/2024\/06\/WhatsApp-Image-2024-05-27-at-21.11.05-724x1024.jpeg 724w, https:\/\/ciioder.org.tr\/wp-content\/uploads\/2024\/06\/WhatsApp-Image-2024-05-27-at-21.11.05-212x300.jpeg 212w, https:\/\/ciioder.org.tr\/wp-content\/uploads\/2024\/06\/WhatsApp-Image-2024-05-27-at-21.11.05-768x1086.jpeg 768w, https:\/\/ciioder.org.tr\/wp-content\/uploads\/2024\/06\/WhatsApp-Image-2024-05-27-at-21.11.05-1086x1536.jpeg 1086w, https:\/\/ciioder.org.tr\/wp-content\/uploads\/2024\/06\/WhatsApp-Image-2024-05-27-at-21.11.05.jpeg 1131w\" sizes=\"(max-width: 724px) 100vw, 724px\" \/>\t\t\t\t\t\t\t\t<\/a>\n\t\t\t\t\t\t\t\t\t\t\t\t\t<\/div>\n\t\t\t\t<\/div>\n\t\t\t\t<div class=\"elementor-element elementor-element-604627b elementor-widget elementor-widget-image\" data-id=\"604627b\" data-element_type=\"widget\" data-widget_type=\"image.default\">\n\t\t\t\t<div class=\"elementor-widget-container\">\n\t\t\t\t\t\t\t\t\t\t\t\t\t\t<a href=\"https:\/\/www.youtube.com\/watch?v=bbmTpqQ0DHY\" target=\"_blank\">\n\t\t\t\t\t\t\t<img decoding=\"async\" width=\"726\" height=\"1024\" src=\"https:\/\/ciioder.org.tr\/wp-content\/uploads\/2024\/06\/WhatsApp-Image-2024-05-27-at-21.08.20-726x1024.jpeg\" class=\"elementor-animation-grow attachment-large size-large wp-image-821\" alt=\"\" srcset=\"https:\/\/ciioder.org.tr\/wp-content\/uploads\/2024\/06\/WhatsApp-Image-2024-05-27-at-21.08.20-726x1024.jpeg 726w, https:\/\/ciioder.org.tr\/wp-content\/uploads\/2024\/06\/WhatsApp-Image-2024-05-27-at-21.08.20-213x300.jpeg 213w, https:\/\/ciioder.org.tr\/wp-content\/uploads\/2024\/06\/WhatsApp-Image-2024-05-27-at-21.08.20.jpeg 737w\" sizes=\"(max-width: 726px) 100vw, 726px\" \/>\t\t\t\t\t\t\t\t<\/a>\n\t\t\t\t\t\t\t\t\t\t\t\t\t<\/div>\n\t\t\t\t<\/div>\n\t\t\t\t<div class=\"elementor-element elementor-element-eeb40bf elementor-widget elementor-widget-image\" data-id=\"eeb40bf\" data-element_type=\"widget\" data-widget_type=\"image.default\">\n\t\t\t\t<div class=\"elementor-widget-container\">\n\t\t\t\t\t\t\t\t\t\t\t\t\t<img loading=\"lazy\" decoding=\"async\" width=\"726\" height=\"1024\" src=\"https:\/\/ciioder.org.tr\/wp-content\/uploads\/2024\/06\/WhatsApp-Image-2024-05-29-at-21.43.20-726x1024.jpeg\" class=\"attachment-large size-large wp-image-823\" alt=\"\" srcset=\"https:\/\/ciioder.org.tr\/wp-content\/uploads\/2024\/06\/WhatsApp-Image-2024-05-29-at-21.43.20-726x1024.jpeg 726w, https:\/\/ciioder.org.tr\/wp-content\/uploads\/2024\/06\/WhatsApp-Image-2024-05-29-at-21.43.20-213x300.jpeg 213w, https:\/\/ciioder.org.tr\/wp-content\/uploads\/2024\/06\/WhatsApp-Image-2024-05-29-at-21.43.20.jpeg 737w\" sizes=\"(max-width: 726px) 100vw, 726px\" \/>\t\t\t\t\t\t\t\t\t\t\t\t\t<\/div>\n\t\t\t\t<\/div>\n\t\t\t\t<div class=\"elementor-element elementor-element-3a6afd4 elementor-widget elementor-widget-image\" data-id=\"3a6afd4\" data-element_type=\"widget\" data-widget_type=\"image.default\">\n\t\t\t\t<div class=\"elementor-widget-container\">\n\t\t\t\t\t\t\t\t\t\t\t\t\t<img loading=\"lazy\" decoding=\"async\" width=\"726\" height=\"1024\" src=\"https:\/\/ciioder.org.tr\/wp-content\/uploads\/2024\/06\/WhatsApp-Image-2024-05-29-at-21.44.33-726x1024.jpeg\" class=\"attachment-large size-large wp-image-824\" alt=\"\" srcset=\"https:\/\/ciioder.org.tr\/wp-content\/uploads\/2024\/06\/WhatsApp-Image-2024-05-29-at-21.44.33-726x1024.jpeg 726w, https:\/\/ciioder.org.tr\/wp-content\/uploads\/2024\/06\/WhatsApp-Image-2024-05-29-at-21.44.33-213x300.jpeg 213w, https:\/\/ciioder.org.tr\/wp-content\/uploads\/2024\/06\/WhatsApp-Image-2024-05-29-at-21.44.33.jpeg 737w\" sizes=\"(max-width: 726px) 100vw, 726px\" \/>\t\t\t\t\t\t\t\t\t\t\t\t\t<\/div>\n\t\t\t\t<\/div>\n\t\t\t\t\t<\/div>\n\t\t\t\t<\/div>\n\t\t<div class=\"elementor-element elementor-element-cf547a1 e-grid e-con-boxed e-con e-parent\" data-id=\"cf547a1\" data-element_type=\"container\">\n\t\t\t\t\t<div class=\"e-con-inner\">\n\t\t\t\t<div class=\"elementor-element elementor-element-5c79ffd elementor-widget elementor-widget-image\" data-id=\"5c79ffd\" data-element_type=\"widget\" data-widget_type=\"image.default\">\n\t\t\t\t<div class=\"elementor-widget-container\">\n\t\t\t\t\t\t\t\t\t\t\t\t\t\t<a href=\"http:\/\/ciioder.org.tr\/wp-content\/uploads\/2024\/06\/ciioder-2016-2018-faaliyet-sunumu.pdf\">\n\t\t\t\t\t\t\t<img loading=\"lazy\" decoding=\"async\" width=\"300\" height=\"173\" src=\"https:\/\/ciioder.org.tr\/wp-content\/uploads\/2024\/06\/16-19_faaliyet-300x173.jpg\" class=\"elementor-animation-wobble-to-top-right attachment-medium size-medium wp-image-584\" alt=\"\" srcset=\"https:\/\/ciioder.org.tr\/wp-content\/uploads\/2024\/06\/16-19_faaliyet-300x173.jpg 300w, https:\/\/ciioder.org.tr\/wp-content\/uploads\/2024\/06\/16-19_faaliyet.jpg 719w\" sizes=\"(max-width: 300px) 100vw, 300px\" \/>\t\t\t\t\t\t\t\t<\/a>\n\t\t\t\t\t\t\t\t\t\t\t\t\t<\/div>\n\t\t\t\t<\/div>\n\t\t\t\t\t<\/div>\n\t\t\t\t<\/div>\n\t\t\t\t<\/div>\n\t\t","protected":false},"excerpt":{"rendered":"","protected":false},"author":1,"featured_media":0,"parent":0,"menu_order":0,"comment_status":"closed","ping_status":"closed","template":"","meta":{"site-sidebar-layout":"no-sidebar","site-content-layout":"","ast-site-content-layout":"full-width-container","site-content-style":"default","site-sidebar-style":"default","ast-global-header-display":"","ast-banner-title-visibility":"","ast-main-header-display":"","ast-hfb-above-header-display":"","ast-hfb-below-header-display":"","ast-hfb-mobile-header-display":"","site-post-title":"disabled","ast-breadcrumbs-content":"","ast-featured-img":"disabled","footer-sml-layout":"","theme-transparent-header-meta":"","adv-header-id-meta":"","stick-header-meta":"","header-above-stick-meta":"","header-main-stick-meta":"","header-below-stick-meta":"","astra-migrate-meta-layouts":"default","ast-page-background-enabled":"default","ast-page-background-meta":{"desktop":{"background-color":"var(--ast-global-color-4)","background-image":"","background-repeat":"repeat","background-position":"center center","background-size":"auto","background-attachment":"scroll","background-type":"","background-media":"","overlay-type":"","overlay-color":"","overlay-opacity":"","overlay-gradient":""},"tablet":{"background-color":"","background-image":"","background-repeat":"repeat","background-position":"center center","background-size":"auto","background-attachment":"scroll","background-type":"","background-media":"","overlay-type":"","overlay-color":"","overlay-opacity":"","overlay-gradient":""},"mobile":{"background-color":"","background-image":"","background-repeat":"repeat","background-position":"center center","background-size":"auto","background-attachment":"scroll","background-type":"","background-media":"","overlay-type":"","overlay-color":"","overlay-opacity":"","overlay-gradient":""}},"ast-content-background-meta":{"desktop":{"background-color":"var(--ast-global-color-5)","background-image":"","background-repeat":"repeat","background-position":"center center","background-size":"auto","background-attachment":"scroll","background-type":"","background-media":"","overlay-type":"","overlay-color":"","overlay-opacity":"","overlay-gradient":""},"tablet":{"background-color":"var(--ast-global-color-5)","background-image":"","background-repeat":"repeat","background-position":"center center","background-size":"auto","background-attachment":"scroll","background-type":"","background-media":"","overlay-type":"","overlay-color":"","overlay-opacity":"","overlay-gradient":""},"mobile":{"background-color":"var(--ast-global-color-5)","background-image":"","background-repeat":"repeat","background-position":"center center","background-size":"auto","background-attachment":"scroll","background-type":"","background-media":"","overlay-type":"","overlay-color":"","overlay-opacity":"","overlay-gradient":""}},"footnotes":""},"class_list":["post-145","page","type-page","status-publish","hentry"],"_links":{"self":[{"href":"https:\/\/ciioder.org.tr\/index.php?rest_route=\/wp\/v2\/pages\/145","targetHints":{"allow":["GET"]}}],"collection":[{"href":"https:\/\/ciioder.org.tr\/index.php?rest_route=\/wp\/v2\/pages"}],"about":[{"href":"https:\/\/ciioder.org.tr\/index.php?rest_route=\/wp\/v2\/types\/page"}],"author":[{"embeddable":true,"href":"https:\/\/ciioder.org.tr\/index.php?rest_route=\/wp\/v2\/users\/1"}],"replies":[{"embeddable":true,"href":"https:\/\/ciioder.org.tr\/index.php?rest_route=%2Fwp%2Fv2%2Fcomments&post=145"}],"version-history":[{"count":34,"href":"https:\/\/ciioder.org.tr\/index.php?rest_route=\/wp\/v2\/pages\/145\/revisions"}],"predecessor-version":[{"id":1151,"href":"https:\/\/ciioder.org.tr\/index.php?rest_route=\/wp\/v2\/pages\/145\/revisions\/1151"}],"wp:attachment":[{"href":"https:\/\/ciioder.org.tr\/index.php?rest_route=%2Fwp%2Fv2%2Fmedia&parent=145"}],"curies":[{"name":"wp","href":"https:\/\/api.w.org\/{rel}","templated":true}]}}