{"id":296,"date":"2024-05-29T18:25:04","date_gmt":"2024-05-29T18:25:04","guid":{"rendered":"https:\/\/ciioder.org.tr\/?page_id=296"},"modified":"2024-06-03T22:00:34","modified_gmt":"2024-06-03T19:00:34","slug":"yayinlarimiz","status":"publish","type":"page","link":"https:\/\/ciioder.org.tr\/?page_id=296","title":{"rendered":"YAYINLARIMIZ"},"content":{"rendered":"\t\t<div data-elementor-type=\"wp-page\" data-elementor-id=\"296\" class=\"elementor elementor-296\">\n\t\t\t\t<div class=\"elementor-element elementor-element-aa5e7c9 e-flex e-con-boxed e-con e-parent\" data-id=\"aa5e7c9\" data-element_type=\"container\">\n\t\t\t\t\t<div class=\"e-con-inner\">\n\t\t\t\t<div class=\"elementor-element elementor-element-2036ef6 elementor-widget elementor-widget-heading\" data-id=\"2036ef6\" data-element_type=\"widget\" data-widget_type=\"heading.default\">\n\t\t\t\t<div class=\"elementor-widget-container\">\n\t\t\t<h1 class=\"elementor-heading-title elementor-size-default\">Yay\u0131nlar\u0131m\u0131z<\/h1>\t\t<\/div>\n\t\t\t\t<\/div>\n\t\t\t\t\t<\/div>\n\t\t\t\t<\/div>\n\t\t<div class=\"elementor-element elementor-element-ea7060a e-grid e-con-full e-con e-parent\" data-id=\"ea7060a\" data-element_type=\"container\">\n\t\t\t\t<div class=\"elementor-element elementor-element-41dcfac elementor-view-stacked elementor-shape-square elementor-widget elementor-widget-icon\" data-id=\"41dcfac\" data-element_type=\"widget\" data-widget_type=\"icon.default\">\n\t\t\t\t<div class=\"elementor-widget-container\">\n\t\t\t\t\t<div class=\"elementor-icon-wrapper\">\n\t\t\t<a class=\"elementor-icon elementor-animation-shrink\" href=\"http:\/\/ciioder.org.tr\/wp-content\/uploads\/2024\/05\/Basin_bildirgesi_2016.pdf\" target=\"_blank\">\n\t\t\t<svg aria-hidden=\"true\" class=\"e-font-icon-svg e-fas-book-reader\" viewBox=\"0 0 512 512\" xmlns=\"http:\/\/www.w3.org\/2000\/svg\"><path d=\"M352 96c0-53.02-42.98-96-96-96s-96 42.98-96 96 42.98 96 96 96 96-42.98 96-96zM233.59 241.1c-59.33-36.32-155.43-46.3-203.79-49.05C13.55 191.13 0 203.51 0 219.14v222.8c0 14.33 11.59 26.28 26.49 27.05 43.66 2.29 131.99 10.68 193.04 41.43 9.37 4.72 20.48-1.71 20.48-11.87V252.56c-.01-4.67-2.32-8.95-6.42-11.46zm248.61-49.05c-48.35 2.74-144.46 12.73-203.78 49.05-4.1 2.51-6.41 6.96-6.41 11.63v245.79c0 10.19 11.14 16.63 20.54 11.9 61.04-30.72 149.32-39.11 192.97-41.4 14.9-.78 26.49-12.73 26.49-27.06V219.14c-.01-15.63-13.56-28.01-29.81-27.09z\"><\/path><\/svg>\t\t\t<\/a>\n\t\t<\/div>\n\t\t\t\t<\/div>\n\t\t\t\t<\/div>\n\t\t<div class=\"elementor-element elementor-element-615968e e-flex e-con-boxed e-con e-child\" data-id=\"615968e\" data-element_type=\"container\">\n\t\t\t\t\t<div class=\"e-con-inner\">\n\t\t\t\t<div class=\"elementor-element elementor-element-1f0b7b0 elementor-widget__width-initial elementor-widget elementor-widget-heading\" data-id=\"1f0b7b0\" data-element_type=\"widget\" data-widget_type=\"heading.default\">\n\t\t\t\t<div class=\"elementor-widget-container\">\n\t\t\t<h6 class=\"elementor-heading-title elementor-size-default\"><a href=\"http:\/\/ciioder.org.tr\/wp-content\/uploads\/2024\/05\/Basin_bildirgesi_2016.pdf\">Bas\u0131n Bildirgesi, 2016<\/a><\/h6>\t\t<\/div>\n\t\t\t\t<\/div>\n\t\t\t\t\t<\/div>\n\t\t\t\t<\/div>\n\t\t\t\t<\/div>\n\t\t<div class=\"elementor-element elementor-element-31313fe e-grid e-con-full e-con e-parent\" data-id=\"31313fe\" data-element_type=\"container\">\n\t\t\t\t<div class=\"elementor-element elementor-element-2cd944f elementor-view-stacked elementor-shape-square elementor-widget elementor-widget-icon\" data-id=\"2cd944f\" data-element_type=\"widget\" data-widget_type=\"icon.default\">\n\t\t\t\t<div class=\"elementor-widget-container\">\n\t\t\t\t\t<div class=\"elementor-icon-wrapper\">\n\t\t\t<a class=\"elementor-icon elementor-animation-shrink\" href=\"http:\/\/ciioder.org.tr\/wp-content\/uploads\/2024\/06\/Dernek-basin-bildirisi-en-son-AYM-iptal-kararina-istianden.pdf\" target=\"_blank\">\n\t\t\t<svg aria-hidden=\"true\" class=\"e-font-icon-svg e-fas-book-reader\" viewBox=\"0 0 512 512\" xmlns=\"http:\/\/www.w3.org\/2000\/svg\"><path d=\"M352 96c0-53.02-42.98-96-96-96s-96 42.98-96 96 42.98 96 96 96 96-42.98 96-96zM233.59 241.1c-59.33-36.32-155.43-46.3-203.79-49.05C13.55 191.13 0 203.51 0 219.14v222.8c0 14.33 11.59 26.28 26.49 27.05 43.66 2.29 131.99 10.68 193.04 41.43 9.37 4.72 20.48-1.71 20.48-11.87V252.56c-.01-4.67-2.32-8.95-6.42-11.46zm248.61-49.05c-48.35 2.74-144.46 12.73-203.78 49.05-4.1 2.51-6.41 6.96-6.41 11.63v245.79c0 10.19 11.14 16.63 20.54 11.9 61.04-30.72 149.32-39.11 192.97-41.4 14.9-.78 26.49-12.73 26.49-27.06V219.14c-.01-15.63-13.56-28.01-29.81-27.09z\"><\/path><\/svg>\t\t\t<\/a>\n\t\t<\/div>\n\t\t\t\t<\/div>\n\t\t\t\t<\/div>\n\t\t<div class=\"elementor-element elementor-element-3964504 e-flex e-con-boxed e-con e-child\" data-id=\"3964504\" data-element_type=\"container\">\n\t\t\t\t\t<div class=\"e-con-inner\">\n\t\t\t\t<div class=\"elementor-element elementor-element-2f19e47 elementor-widget__width-initial elementor-widget elementor-widget-heading\" data-id=\"2f19e47\" data-element_type=\"widget\" data-widget_type=\"heading.default\">\n\t\t\t\t<div class=\"elementor-widget-container\">\n\t\t\t<h6 class=\"elementor-heading-title elementor-size-default\"><a href=\"http:\/\/ciioder.org.tr\/wp-content\/uploads\/2024\/06\/Dernek-basin-bildirisi-en-son-AYM-iptal-kararina-istianden.pdf\">Dernek bas\u0131n bildirisi; AYM 'nin iptal karar\u0131na istianden, 2016<\/a><\/h6>\t\t<\/div>\n\t\t\t\t<\/div>\n\t\t\t\t\t<\/div>\n\t\t\t\t<\/div>\n\t\t\t\t<\/div>\n\t\t<div class=\"elementor-element elementor-element-9d8acb0 e-grid e-con-full e-con e-parent\" data-id=\"9d8acb0\" data-element_type=\"container\">\n\t\t\t\t<div class=\"elementor-element elementor-element-8d7483c elementor-view-stacked elementor-shape-square elementor-widget elementor-widget-icon\" data-id=\"8d7483c\" data-element_type=\"widget\" data-widget_type=\"icon.default\">\n\t\t\t\t<div class=\"elementor-widget-container\">\n\t\t\t\t\t<div class=\"elementor-icon-wrapper\">\n\t\t\t<a class=\"elementor-icon elementor-animation-shrink\" href=\"http:\/\/ciioder.org.tr\/wp-content\/uploads\/2024\/05\/632018211327-COCUGUN-CINSEL-ISTISMARI-SUCU-VE-BU-SUCUN-YARGILANMASI-ILE-COCUK-KORUMA-SISTEMINE-ILISKIN-DEGISIKLIK-ONERILERI.pdf\" target=\"_blank\">\n\t\t\t<svg aria-hidden=\"true\" class=\"e-font-icon-svg e-fas-book-reader\" viewBox=\"0 0 512 512\" xmlns=\"http:\/\/www.w3.org\/2000\/svg\"><path d=\"M352 96c0-53.02-42.98-96-96-96s-96 42.98-96 96 42.98 96 96 96 96-42.98 96-96zM233.59 241.1c-59.33-36.32-155.43-46.3-203.79-49.05C13.55 191.13 0 203.51 0 219.14v222.8c0 14.33 11.59 26.28 26.49 27.05 43.66 2.29 131.99 10.68 193.04 41.43 9.37 4.72 20.48-1.71 20.48-11.87V252.56c-.01-4.67-2.32-8.95-6.42-11.46zm248.61-49.05c-48.35 2.74-144.46 12.73-203.78 49.05-4.1 2.51-6.41 6.96-6.41 11.63v245.79c0 10.19 11.14 16.63 20.54 11.9 61.04-30.72 149.32-39.11 192.97-41.4 14.9-.78 26.49-12.73 26.49-27.06V219.14c-.01-15.63-13.56-28.01-29.81-27.09z\"><\/path><\/svg>\t\t\t<\/a>\n\t\t<\/div>\n\t\t\t\t<\/div>\n\t\t\t\t<\/div>\n\t\t<div class=\"elementor-element elementor-element-f784f01 e-flex e-con-boxed e-con e-child\" data-id=\"f784f01\" data-element_type=\"container\">\n\t\t\t\t\t<div class=\"e-con-inner\">\n\t\t\t\t<div class=\"elementor-element elementor-element-d3f8a3b elementor-widget__width-initial elementor-widget elementor-widget-heading\" data-id=\"d3f8a3b\" data-element_type=\"widget\" data-widget_type=\"heading.default\">\n\t\t\t\t<div class=\"elementor-widget-container\">\n\t\t\t<h6 class=\"elementor-heading-title elementor-size-default\"><a href=\"http:\/\/ciioder.org.tr\/wp-content\/uploads\/2024\/05\/632018211327-COCUGUN-CINSEL-ISTISMARI-SUCU-VE-BU-SUCUN-YARGILANMASI-ILE-COCUK-KORUMA-SISTEMINE-ILISKIN-DEGISIKLIK-ONERILERI.pdf\">\u00c7ocu\u011fun Cinsel \u0130stismar\u0131 Su\u00e7u ve Bu Su\u00e7un Yarg\u0131lanmas\u0131 \u0130le \u00c7ocuk Koruma Sistemine \u0130li\u015fkin De\u011fi\u015fiklik \u00d6nerileri,  2016<\/a><\/h6>\t\t<\/div>\n\t\t\t\t<\/div>\n\t\t\t\t\t<\/div>\n\t\t\t\t<\/div>\n\t\t\t\t<\/div>\n\t\t<div class=\"elementor-element elementor-element-acbde53 e-grid e-con-full e-con e-parent\" data-id=\"acbde53\" data-element_type=\"container\">\n\t\t\t\t<div class=\"elementor-element elementor-element-2a2a328 elementor-widget elementor-widget-image\" data-id=\"2a2a328\" data-element_type=\"widget\" data-widget_type=\"image.default\">\n\t\t\t\t<div class=\"elementor-widget-container\">\n\t\t\t\t\t\t\t\t\t\t\t\t\t\t<a href=\"http:\/\/ciioder.org.tr\/wp-content\/uploads\/2024\/05\/cocuk_calistayi_raporu.pdf\" target=\"_blank\">\n\t\t\t\t\t\t\t<img decoding=\"async\" width=\"150\" height=\"150\" src=\"https:\/\/ciioder.org.tr\/wp-content\/uploads\/2024\/05\/Cocuklaricin-150x150.jpg\" class=\"elementor-animation-shrink attachment-thumbnail size-thumbnail wp-image-486\" alt=\"\" srcset=\"https:\/\/ciioder.org.tr\/wp-content\/uploads\/2024\/05\/Cocuklaricin-150x150.jpg 150w, https:\/\/ciioder.org.tr\/wp-content\/uploads\/2024\/05\/elementor\/thumbs\/Cocuklaricin-qoxpjzccnk9s2up8rijoz2vhc1pecdewlp56natexw.jpg 10w, https:\/\/ciioder.org.tr\/wp-content\/uploads\/2024\/05\/elementor\/thumbs\/Cocuklaricin-qoxpjzccry5f8nim7emt6orbfs4k7jqh6vlp9fv4y0.jpg 20w, https:\/\/ciioder.org.tr\/wp-content\/uploads\/2024\/05\/elementor\/thumbs\/Cocuklaricin-qoxpjzccwc12egbznapxean5jijq2q21s227vkwuy4.jpg 30w, https:\/\/ciioder.org.tr\/wp-content\/uploads\/2024\/05\/elementor\/thumbs\/Cocuklaricin-qoxpjzcd53scq1yqj2w5tietqze1t2p6yez93v0ayc.jpg 50w, https:\/\/ciioder.org.tr\/wp-content\/uploads\/2024\/05\/elementor\/thumbs\/Cocuklaricin-qoxpjzccu538tjxaxcodahp8hnc554w9hgtykidzy2.jpg 25w, https:\/\/ciioder.org.tr\/wp-content\/uploads\/2024\/05\/Cocuklaricin.jpg 244w\" sizes=\"(max-width: 150px) 100vw, 150px\" \/>\t\t\t\t\t\t\t\t<\/a>\n\t\t\t\t\t\t\t\t\t\t\t\t\t<\/div>\n\t\t\t\t<\/div>\n\t\t<div class=\"elementor-element elementor-element-65b8f88 e-flex e-con-boxed e-con e-child\" data-id=\"65b8f88\" data-element_type=\"container\">\n\t\t\t\t\t<div class=\"e-con-inner\">\n\t\t\t\t<div class=\"elementor-element elementor-element-360741b elementor-widget__width-initial elementor-widget elementor-widget-heading\" data-id=\"360741b\" data-element_type=\"widget\" data-widget_type=\"heading.default\">\n\t\t\t\t<div class=\"elementor-widget-container\">\n\t\t\t<h6 class=\"elementor-heading-title elementor-size-default\"><a href=\"http:\/\/ciioder.org.tr\/wp-content\/uploads\/2024\/05\/cocuk_calistayi_raporu.pdf\">\u00c7ocuklar \u0130\u00e7in Hep Birlikte Giri\u015fimi;  \u00c7ocu\u011fa Y\u00f6nelik Cinsel \u0130stismar\u0131n \u00d6nlenmesi Raporu, 2019<\/a><\/h6>\t\t<\/div>\n\t\t\t\t<\/div>\n\t\t\t\t\t<\/div>\n\t\t\t\t<\/div>\n\t\t\t\t<\/div>\n\t\t\t\t<\/div>\n\t\t","protected":false},"excerpt":{"rendered":"<p>Yay\u0131nlar\u0131m\u0131z Bas\u0131n Bildirgesi, 2016 Dernek bas\u0131n bildirisi; AYM &#8216;nin iptal karar\u0131na istianden, 2016 \u00c7ocu\u011fun Cinsel \u0130stismar\u0131 Su\u00e7u ve Bu Su\u00e7un [&hellip;]<\/p>\n","protected":false},"author":1,"featured_media":0,"parent":0,"menu_order":0,"comment_status":"closed","ping_status":"closed","template":"","meta":{"site-sidebar-layout":"no-sidebar","site-content-layout":"","ast-site-content-layout":"full-width-container","site-content-style":"default","site-sidebar-style":"default","ast-global-header-display":"","ast-banner-title-visibility":"","ast-main-header-display":"","ast-hfb-above-header-display":"","ast-hfb-below-header-display":"","ast-hfb-mobile-header-display":"","site-post-title":"disabled","ast-breadcrumbs-content":"","ast-featured-img":"disabled","footer-sml-layout":"","theme-transparent-header-meta":"","adv-header-id-meta":"","stick-header-meta":"","header-above-stick-meta":"","header-main-stick-meta":"","header-below-stick-meta":"","astra-migrate-meta-layouts":"default","ast-page-background-enabled":"default","ast-page-background-meta":{"desktop":{"background-color":"var(--ast-global-color-4)","background-image":"","background-repeat":"repeat","background-position":"center center","background-size":"auto","background-attachment":"scroll","background-type":"","background-media":"","overlay-type":"","overlay-color":"","overlay-opacity":"","overlay-gradient":""},"tablet":{"background-color":"","background-image":"","background-repeat":"repeat","background-position":"center center","background-size":"auto","background-attachment":"scroll","background-type":"","background-media":"","overlay-type":"","overlay-color":"","overlay-opacity":"","overlay-gradient":""},"mobile":{"background-color":"","background-image":"","background-repeat":"repeat","background-position":"center center","background-size":"auto","background-attachment":"scroll","background-type":"","background-media":"","overlay-type":"","overlay-color":"","overlay-opacity":"","overlay-gradient":""}},"ast-content-background-meta":{"desktop":{"background-color":"var(--ast-global-color-5)","background-image":"","background-repeat":"repeat","background-position":"center center","background-size":"auto","background-attachment":"scroll","background-type":"","background-media":"","overlay-type":"","overlay-color":"","overlay-opacity":"","overlay-gradient":""},"tablet":{"background-color":"var(--ast-global-color-5)","background-image":"","background-repeat":"repeat","background-position":"center center","background-size":"auto","background-attachment":"scroll","background-type":"","background-media":"","overlay-type":"","overlay-color":"","overlay-opacity":"","overlay-gradient":""},"mobile":{"background-color":"var(--ast-global-color-5)","background-image":"","background-repeat":"repeat","background-position":"center center","background-size":"auto","background-attachment":"scroll","background-type":"","background-media":"","overlay-type":"","overlay-color":"","overlay-opacity":"","overlay-gradient":""}},"footnotes":""},"class_list":["post-296","page","type-page","status-publish","hentry"],"_links":{"self":[{"href":"https:\/\/ciioder.org.tr\/index.php?rest_route=\/wp\/v2\/pages\/296","targetHints":{"allow":["GET"]}}],"collection":[{"href":"https:\/\/ciioder.org.tr\/index.php?rest_route=\/wp\/v2\/pages"}],"about":[{"href":"https:\/\/ciioder.org.tr\/index.php?rest_route=\/wp\/v2\/types\/page"}],"author":[{"embeddable":true,"href":"https:\/\/ciioder.org.tr\/index.php?rest_route=\/wp\/v2\/users\/1"}],"replies":[{"embeddable":true,"href":"https:\/\/ciioder.org.tr\/index.php?rest_route=%2Fwp%2Fv2%2Fcomments&post=296"}],"version-history":[{"count":76,"href":"https:\/\/ciioder.org.tr\/index.php?rest_route=\/wp\/v2\/pages\/296\/revisions"}],"predecessor-version":[{"id":562,"href":"https:\/\/ciioder.org.tr\/index.php?rest_route=\/wp\/v2\/pages\/296\/revisions\/562"}],"wp:attachment":[{"href":"https:\/\/ciioder.org.tr\/index.php?rest_route=%2Fwp%2Fv2%2Fmedia&parent=296"}],"curies":[{"name":"wp","href":"https:\/\/api.w.org\/{rel}","templated":true}]}}